{"id":390,"date":"2022-03-25T18:04:14","date_gmt":"2022-03-25T18:04:14","guid":{"rendered":"https:\/\/iglesiaespiritusanto.com\/?page_id=390"},"modified":"2024-03-12T14:23:32","modified_gmt":"2024-03-12T14:23:32","slug":"celebraciones","status":"publish","type":"page","link":"https:\/\/iglesiaespiritusanto.com\/?page_id=390","title":{"rendered":"Celebraciones"},"content":{"rendered":"\n<div class=\"wp-block-cover is-light\" style=\"min-height:750px;aspect-ratio:unset;\"><span aria-hidden=\"true\" class=\"wp-block-cover__background has-background-dim-90 has-background-dim\" style=\"background-color:#f4f4f4\"><\/span><div class=\"wp-block-cover__inner-container is-layout-flow wp-block-cover-is-layout-flow\">\n<div style=\"height:50px\" aria-hidden=\"true\" class=\"wp-block-spacer\"><\/div>\n\n\n\n<h5 class=\"wp-block-heading has-text-align-center has-black-color has-text-color\">Iglesia Esp\u00edritu Santo<\/h5>\n\n\n\n<h2 class=\"wp-block-heading has-text-align-center has-black-color has-text-color\">Celebraciones<\/h2>\n\n\n\n<p class=\"has-text-align-center\">Durante el horario de despacho se podr\u00e1n encargar bodas, funerales y aniversarios, Primeras Comuniones, etc.<br>Horario: de lunes a s\u00e1bado de 10:00 a 13:00 y de 18:00 a 21:00<\/p>\n\n\n\n<div style=\"height:50px\" aria-hidden=\"true\" class=\"wp-block-spacer\"><\/div>\n\n\n\n<div class=\"wp-block-columns alignwide are-vertically-aligned-top is-layout-flex wp-container-core-columns-is-layout-28f84493 wp-block-columns-is-layout-flex\">\n<div class=\"wp-block-column is-vertically-aligned-top is-layout-flow wp-block-column-is-layout-flow\">\n<div class=\"inherit-container-width wp-block-group alignfull has-primary-color has-text-color has-background is-layout-constrained wp-block-group-is-layout-constrained\" style=\"background-color:#ffffff\"><div class=\"wp-block-group__inner-container\">\n<h3 class=\"wp-block-heading has-text-align-center has-black-color has-text-color\" id=\"bodas\">Bodas<\/h3>\n\n\n\n<p>Si quer\u00e9is casaros por la Iglesia en primer lugar hay que reservar la fecha.<\/p>\n\n\n\n<p>Para poder reservar, durante el horario de despacho podr\u00e9is acudir a hablar con alguno de los sacerdotes de la Iglesia para concertar el horario y el d\u00eda de vuestra boda.<\/p>\n\n\n\n<p class=\"has-text-align-center\">Los d\u00edas y horarios previstos para las bodas son:<br>Viernes: 17:30 y 19:00<br>S\u00e1bados: 12:30, 17:30 y 19:00<\/p>\n<\/div><\/div>\n<\/div>\n\n\n\n<div class=\"wp-block-column is-vertically-aligned-top is-layout-flow wp-block-column-is-layout-flow\">\n<div class=\"inherit-container-width wp-block-group alignfull has-primary-color has-text-color has-background is-layout-constrained wp-block-group-is-layout-constrained\" style=\"background-color:#ffffff\"><div class=\"wp-block-group__inner-container\">\n<h3 class=\"wp-block-heading has-text-align-center has-black-color has-text-color\" id=\"cursosprematrimoniales\">Cursos prematrimoniales<\/h3>\n\n\n\n<p>Quienes contraen matrimonio en la Iglesia Cat\u00f3lica, tambi\u00e9n si uno de los contrayentes no est\u00e1 bautizado o pertenece a otra confesi\u00f3n, deben recibir una preparaci\u00f3n adecuada seg\u00fan se\u00f1ala el <a rel=\"noreferrer noopener\" href=\"https:\/\/www.vatican.va\/archive\/cod-iuris-canonici\/esp\/documents\/cic_libro4_cann1063-1072_sp.html\" data-type=\"URL\" data-id=\"https:\/\/www.vatican.va\/archive\/cod-iuris-canonici\/esp\/documents\/cic_libro4_cann1063-1072_sp.html\" target=\"_blank\">C\u00f3digo de Derecho Can\u00f3nico.<\/a><\/p>\n\n\n\n<p class=\"has-text-align-center\">Ciclo 3\u00ba (May-Jun 2024)<\/p>\n\n\n\n<p class=\"has-text-align-center\">18 y 25 de mayo<br>1 y 8 de junio<br>Horario: 17:00 a 20:00<\/p>\n<\/div><\/div>\n<\/div>\n<\/div>\n\n\n\n<div class=\"wp-block-columns alignwide are-vertically-aligned-top is-layout-flex wp-container-core-columns-is-layout-28f84493 wp-block-columns-is-layout-flex\">\n<div class=\"wp-block-column is-vertically-aligned-top is-layout-flow wp-block-column-is-layout-flow\">\n<div class=\"inherit-container-width wp-block-group alignfull has-primary-color has-text-color has-background is-layout-constrained wp-block-group-is-layout-constrained\" style=\"background-color:#ffffff\"><div class=\"wp-block-group__inner-container\">\n<h3 class=\"wp-block-heading has-text-align-center has-black-color has-text-color\" id=\"comuniones\">Catequesis<br>de comuni\u00f3n<\/h3>\n\n\n\n<p>La Comuni\u00f3n es el sacramento por el cu\u00e1l recibimos al hijo de Dios. Para realizarla hay que recibir una catequesis preparatoria y hacer la primera confesi\u00f3n.<\/p>\n\n\n\n<p class=\"has-text-align-center\">Las catequesis en esta iglesia son:<br>de octubre a mayo los viernes, de 16:00 a 17:00.<\/p>\n<\/div><\/div>\n<\/div>\n\n\n\n<div class=\"wp-block-column is-vertically-aligned-top is-layout-flow wp-block-column-is-layout-flow\">\n<div class=\"inherit-container-width wp-block-group alignfull has-primary-color has-text-color has-background is-layout-constrained wp-block-group-is-layout-constrained\" style=\"background-color:#ffffff\"><div class=\"wp-block-group__inner-container\">\n<h3 class=\"wp-block-heading has-text-align-center has-black-color has-text-color\" id=\"funerales\">Funerales<\/h3>\n\n\n\n<p>Ante la muerte todos sentimos dolor por la p\u00e9rdida del ser querido. Pero el cristiano&nbsp;debe recordar tambi\u00e9n, sin omitir ese dolor, que se trata del paso a la vida eterna y del encuentro de la persona con el Padre.<\/p>\n\n\n\n<p>Una de las obras de misericordia es enterrar a los muertos que se trata de una forma de expresar el respeto por la vida humana y por Cristo, a quien tambi\u00e9n le dieron sepultura despu\u00e9s de entregar su vida por la humanidad.<\/p>\n\n\n\n<p>Los funerales expresan el car\u00e1cter pascual de la muerte cristiana&nbsp; y subrayan la esperanza del cristiano en la vida eterna y en la resurrecci\u00f3n de los muertos. Con el funeral se encomienda al difunto a la misericordia de Dios<\/p>\n\n\n\n<p><\/p>\n\n\n\n<p class=\"has-text-align-center\">Para encargar estas misas puedes hablar con el sacerdote en horario de despacho llamar por tel\u00e9fono.<\/p>\n<\/div><\/div>\n<\/div>\n<\/div>\n<\/div><\/div>\n","protected":false},"excerpt":{"rendered":"","protected":false},"author":1,"featured_media":0,"parent":322,"menu_order":0,"comment_status":"closed","ping_status":"closed","template":"","meta":{"site-sidebar-layout":"default","site-content-layout":"","ast-site-content-layout":"default","site-content-style":"default","site-sidebar-style":"default","ast-global-header-display":"","ast-banner-title-visibility":"","ast-main-header-display":"","ast-hfb-above-header-display":"","ast-hfb-below-header-display":"","ast-hfb-mobile-header-display":"","site-post-title":"","ast-breadcrumbs-content":"","ast-featured-img":"","footer-sml-layout":"","ast-disable-related-posts":"","theme-transparent-header-meta":"","adv-header-id-meta":"","stick-header-meta":"","header-above-stick-meta":"","header-main-stick-meta":"","header-below-stick-meta":"","astra-migrate-meta-layouts":"set","ast-page-background-enabled":"default","ast-page-background-meta":{"desktop":{"background-color":"","background-image":"","background-repeat":"repeat","background-position":"center center","background-size":"auto","background-attachment":"scroll","background-type":"","background-media":"","overlay-type":"","overlay-color":"","overlay-opacity":"","overlay-gradient":""},"tablet":{"background-color":"","background-image":"","background-repeat":"repeat","background-position":"center center","background-size":"auto","background-attachment":"scroll","background-type":"","background-media":"","overlay-type":"","overlay-color":"","overlay-opacity":"","overlay-gradient":""},"mobile":{"background-color":"","background-image":"","background-repeat":"repeat","background-position":"center center","background-size":"auto","background-attachment":"scroll","background-type":"","background-media":"","overlay-type":"","overlay-color":"","overlay-opacity":"","overlay-gradient":""}},"ast-content-background-meta":{"desktop":{"background-color":"var(--ast-global-color-5)","background-image":"","background-repeat":"repeat","background-position":"center center","background-size":"auto","background-attachment":"scroll","background-type":"","background-media":"","overlay-type":"","overlay-color":"","overlay-opacity":"","overlay-gradient":""},"tablet":{"background-color":"var(--ast-global-color-5)","background-image":"","background-repeat":"repeat","background-position":"center center","background-size":"auto","background-attachment":"scroll","background-type":"","background-media":"","overlay-type":"","overlay-color":"","overlay-opacity":"","overlay-gradient":""},"mobile":{"background-color":"var(--ast-global-color-5)","background-image":"","background-repeat":"repeat","background-position":"center center","background-size":"auto","background-attachment":"scroll","background-type":"","background-media":"","overlay-type":"","overlay-color":"","overlay-opacity":"","overlay-gradient":""}},"footnotes":""},"class_list":["post-390","page","type-page","status-publish","hentry"],"_links":{"self":[{"href":"https:\/\/iglesiaespiritusanto.com\/index.php?rest_route=\/wp\/v2\/pages\/390","targetHints":{"allow":["GET"]}}],"collection":[{"href":"https:\/\/iglesiaespiritusanto.com\/index.php?rest_route=\/wp\/v2\/pages"}],"about":[{"href":"https:\/\/iglesiaespiritusanto.com\/index.php?rest_route=\/wp\/v2\/types\/page"}],"author":[{"embeddable":true,"href":"https:\/\/iglesiaespiritusanto.com\/index.php?rest_route=\/wp\/v2\/users\/1"}],"replies":[{"embeddable":true,"href":"https:\/\/iglesiaespiritusanto.com\/index.php?rest_route=%2Fwp%2Fv2%2Fcomments&post=390"}],"version-history":[{"count":15,"href":"https:\/\/iglesiaespiritusanto.com\/index.php?rest_route=\/wp\/v2\/pages\/390\/revisions"}],"predecessor-version":[{"id":829,"href":"https:\/\/iglesiaespiritusanto.com\/index.php?rest_route=\/wp\/v2\/pages\/390\/revisions\/829"}],"up":[{"embeddable":true,"href":"https:\/\/iglesiaespiritusanto.com\/index.php?rest_route=\/wp\/v2\/pages\/322"}],"wp:attachment":[{"href":"https:\/\/iglesiaespiritusanto.com\/index.php?rest_route=%2Fwp%2Fv2%2Fmedia&parent=390"}],"curies":[{"name":"wp","href":"https:\/\/api.w.org\/{rel}","templated":true}]}}