{"id":322,"date":"2022-03-24T17:33:36","date_gmt":"2022-03-24T17:33:36","guid":{"rendered":"https:\/\/iglesiaespiritusanto.com\/?page_id=322"},"modified":"2026-04-07T13:47:40","modified_gmt":"2026-04-07T13:47:40","slug":"home","status":"publish","type":"page","link":"https:\/\/iglesiaespiritusanto.com\/","title":{"rendered":"Inicio"},"content":{"rendered":"\n<div class=\"wp-block-cover alignfull is-light\" style=\"min-height:700px;aspect-ratio:unset;\"><video class=\"wp-block-cover__video-background intrinsic-ignore\" autoplay muted loop playsinline src=\"https:\/\/iglesiaespiritusanto.com\/wp-content\/uploads\/2022\/04\/Iglesia-Espiritu-Santo_corto2.mp4\" style=\"object-position:50% 50%\" data-object-fit=\"cover\" data-object-position=\"50% 50%\"><\/video><span aria-hidden=\"true\" class=\"wp-block-cover__background has-background-dim-0 has-background-dim\"><\/span><div class=\"wp-block-cover__inner-container is-layout-flow wp-block-cover-is-layout-flow\">\n<p class=\"has-text-align-center has-large-font-size\"><\/p>\n<\/div><\/div>\n\n\n\n<div style=\"height:100px\" aria-hidden=\"true\" class=\"wp-block-spacer\"><\/div>\n\n\n\n<div class=\"wp-block-columns is-layout-flex wp-container-core-columns-is-layout-28f84493 wp-block-columns-is-layout-flex\">\n<div class=\"wp-block-column is-layout-flow wp-block-column-is-layout-flow\" style=\"flex-basis:100%\">\n<div class=\"wp-block-columns is-layout-flex wp-container-core-columns-is-layout-28f84493 wp-block-columns-is-layout-flex\">\n<div class=\"wp-block-column is-layout-flow wp-block-column-is-layout-flow\">\n<h4 class=\"wp-block-heading has-text-align-center has-text-color\" style=\"color:#000000\"><strong>Horarios de misa<\/strong> curso 25-26<\/h4>\n\n\n\n<p class=\"has-text-align-center\"><strong>Lunes a jueves (laborables)<br><\/strong>8:00 &#8211; 11:00 &#8211; 14:10 &#8211; 19:00 &#8211; 21:00<\/p>\n\n\n\n<p class=\"has-text-align-center\"><strong>Viernes (laborables)<br><\/strong>8:00 &#8211; 11:00 &#8211; 14:10 &#8211; 21:00<\/p>\n\n\n\n<p class=\"has-text-align-center\"><strong>S\u00e1bados<br><\/strong>11:00 &#8211; 20:30<\/p>\n\n\n\n<p class=\"has-text-align-center\"><strong>Domingos y festivos<br><\/strong>11:15 &#8211; 12:15 &#8211; 13:15 &#8211; 20:30<\/p>\n\n\n\n<p class=\"has-text-align-center\"><strong>Exposici\u00f3n del Sant\u00edsimo:<\/strong><br>Domingos: 18:00 &#8211; 20:15<\/p>\n<\/div>\n\n\n\n<div class=\"wp-block-column is-layout-flow wp-block-column-is-layout-flow\">\n<h4 class=\"wp-block-heading has-text-align-center has-text-color\" id=\"horario\" style=\"color:#000000\"><strong>Apertura del templo<\/strong> <\/h4>\n\n\n\n<p class=\"has-text-align-center\"><strong>Lunes a viernes (laborables)<\/strong><br>7:30 &#8211; 8:30<br>10:00 &#8211; 15:00<br>18:00 &#8211; 21:30<\/p>\n\n\n\n<p class=\"has-text-align-center\"><strong>S\u00e1bados<br><\/strong>10:00 &#8211; 13:00<br>18:00 &#8211; 21:30<\/p>\n\n\n\n<p class=\"has-text-align-center\"><strong>Domingos y festivos<br><\/strong>10:30 &#8211; 14:00<br>18:00 &#8211; 21:30<\/p>\n<\/div>\n\n\n\n<div class=\"wp-block-column has-ast-global-color-4-background-color has-background is-layout-flow wp-block-column-is-layout-flow\">\n<h4 class=\"wp-block-heading has-text-align-center has-text-color\" style=\"color:#000000\"><strong>Retiros abril<\/strong><\/h4>\n\n\n\n<p class=\"has-text-align-center\"><strong>MUJERES:<\/strong><br><strong>Lunes 13:<\/strong> 19:30 &#8211; 21:00<br><strong>Mi\u00e9rcoles 15:<\/strong> 11:30 &#8211; 13:00<br><strong>Jueves 16:<\/strong> 11:30 &#8211; 13:00<br><strong>Martes 21:<\/strong> 19:30 &#8211; 21:00 (universitarias y profesionales j\u00f3venes)<\/p>\n\n\n\n<p class=\"has-text-align-center\"><strong>HOMBRES:<\/strong><br> <strong>Lunes 20<\/strong>: 19:30 &#8211; 21:00<br><\/p>\n<\/div>\n<\/div>\n<\/div>\n<\/div>\n\n\n\n<p class=\"has-text-align-center has-small-font-size\"><strong>Confesiones:<\/strong> Todos los d\u00edas, durante el horario de apertura del templo, habr\u00e1 sacerdotes confesando con el fin de facilitar el acercamiento al sacramento de la reconciliaci\u00f3n a todas las personas.<\/p>\n\n\n\n<div class=\"inherit-container-width wp-block-group alignfull has-cyan-bluish-gray-background-color has-background is-layout-constrained wp-block-group-is-layout-constrained\"><div class=\"wp-block-group__inner-container\">\n<div class=\"wp-block-columns alignwide are-vertically-aligned-center is-layout-flex wp-container-core-columns-is-layout-28f84493 wp-block-columns-is-layout-flex\">\n<div class=\"wp-block-column is-vertically-aligned-center is-layout-flow wp-block-column-is-layout-flow\">\n<h2 class=\"wp-block-heading has-text-align-center has-ast-global-color-2-color has-text-color\">Celebraciones<\/h2>\n\n\n\n<p class=\"has-text-align-center\">Se podr\u00e1n encargar las bodas, funerales, aniversarios, primeras comuniones, etc&#8230; <br>durante el horario de despacho.<\/p>\n\n\n\n<p class=\"has-text-align-center\">HORARIO: de lunes a s\u00e1bado<\/p>\n\n\n\n<p class=\"has-text-align-center\">10:00 &#8211; 13:00<br>18:00 &#8211; 21:00<\/p>\n<\/div>\n\n\n\n<div class=\"wp-block-column is-vertically-aligned-center is-layout-flow wp-block-column-is-layout-flow\">\n<div class=\"inherit-container-width wp-block-group alignfull has-ast-global-color-4-background-color has-background is-layout-constrained wp-block-group-is-layout-constrained\"><div class=\"wp-block-group__inner-container\">\n<p><\/p>\n\n\n\n<h4 class=\"wp-block-heading has-text-align-center\"><a href=\"https:\/\/iglesiaespiritusanto.com\/?page_id=390\/#bodas\" data-type=\"URL\" data-id=\"https:\/\/iglesiaespiritusanto.com\/?page_id=390\/#bodas\">Bodas<\/a><\/h4>\n\n\n\n<p class=\"has-text-align-center has-ast-global-color-3-color has-text-color\"><\/p>\n<\/div><\/div>\n\n\n\n<div style=\"height:30px\" aria-hidden=\"true\" class=\"wp-block-spacer\"><\/div>\n\n\n\n<div class=\"inherit-container-width wp-block-group alignfull has-ast-global-color-4-background-color has-background is-layout-constrained wp-block-group-is-layout-constrained\"><div class=\"wp-block-group__inner-container\">\n<p><\/p>\n\n\n\n<h4 class=\"wp-block-heading has-text-align-center\"><a href=\"https:\/\/iglesiaespiritusanto.com\/?page_id=390\/#comuniones\" data-type=\"URL\" data-id=\"https:\/\/iglesiaespiritusanto.com\/?page_id=390\/#comuniones\">Catequesis<\/a><br><a href=\"https:\/\/iglesiaespiritusanto.com\/?page_id=390\/#comuniones\" data-type=\"URL\" data-id=\"https:\/\/iglesiaespiritusanto.com\/?page_id=390\/#comuniones\">de comuni\u00f3n<\/a><\/h4>\n\n\n\n<p><\/p>\n<\/div><\/div>\n\n\n\n<div style=\"height:70px\" aria-hidden=\"true\" class=\"wp-block-spacer\"><\/div>\n<\/div>\n\n\n\n<div class=\"wp-block-column is-vertically-aligned-center is-layout-flow wp-block-column-is-layout-flow\">\n<div style=\"height:70px\" aria-hidden=\"true\" class=\"wp-block-spacer\"><\/div>\n\n\n\n<div class=\"inherit-container-width wp-block-group alignfull has-ast-global-color-4-background-color has-background is-layout-constrained wp-block-group-is-layout-constrained\"><div class=\"wp-block-group__inner-container\">\n<p><\/p>\n\n\n\n<h4 class=\"wp-block-heading has-text-align-center has-ast-global-color-2-color has-text-color\"><a href=\"https:\/\/iglesiaespiritusanto.com\/?page_id=390\/#confirmaciones\" data-type=\"URL\" data-id=\"https:\/\/iglesiaespiritusanto.com\/?page_id=390\/#confirmaciones\">Cursos prematrimoniales<\/a><\/h4>\n\n\n\n<p class=\"has-text-align-center has-ast-global-color-3-color has-text-color\"><\/p>\n<\/div><\/div>\n\n\n\n<div style=\"height:30px\" aria-hidden=\"true\" class=\"wp-block-spacer\"><\/div>\n\n\n\n<div class=\"inherit-container-width wp-block-group alignfull has-ast-global-color-4-background-color has-background is-layout-constrained wp-block-group-is-layout-constrained\"><div class=\"wp-block-group__inner-container\">\n<p><\/p>\n\n\n\n<h4 class=\"wp-block-heading has-text-align-center has-ast-global-color-2-color has-text-color\"><a href=\"https:\/\/iglesiaespiritusanto.com\/?page_id=390\/#funerales\" data-type=\"URL\" data-id=\"https:\/\/iglesiaespiritusanto.com\/?page_id=390\/#funerales\">Funerales<\/a><\/h4>\n\n\n\n<p class=\"has-text-align-center has-ast-global-color-3-color has-text-color\"><\/p>\n<\/div><\/div>\n<\/div>\n<\/div>\n<\/div><\/div>\n\n\n\n<div style=\"height:40px\" aria-hidden=\"true\" class=\"wp-block-spacer\"><\/div>\n\n\n\n<div class=\"wp-block-columns is-layout-flex wp-container-core-columns-is-layout-28f84493 wp-block-columns-is-layout-flex\">\n<div class=\"wp-block-column is-layout-flow wp-block-column-is-layout-flow\">\n<p class=\"has-text-align-center\">Suscr\u00edbete a nuestro <a rel=\"noreferrer noopener\" href=\"https:\/\/www.youtube.com\/channel\/UCcc-4ftb9sWXUmRHROdBKaQ\" data-type=\"URL\" data-id=\"https:\/\/www.youtube.com\/channel\/UCcc-4ftb9sWXUmRHROdBKaQ\" target=\"_blank\">canal de YouTube<\/a> para seguir la misa todos los domingos<br>a las 12:15, as\u00ed como funerales, bodas, y otros actos (a petici\u00f3n).<\/p>\n<\/div>\n\n\n\n<div class=\"wp-block-column is-layout-flow wp-block-column-is-layout-flow\">\n<div class=\"wp-block-buttons is-horizontal is-content-justification-center is-layout-flex wp-container-core-buttons-is-layout-6bd4d9d1 wp-block-buttons-is-layout-flex\">\n<div class=\"wp-block-button has-custom-width wp-block-button__width-100 aligncenter is-style-fill\"><a class=\"wp-block-button__link has-ast-global-color-1-color has-ast-global-color-4-background-color has-text-color has-background wp-element-button\" href=\"https:\/\/evangeli.net\/evangelio?utm_source=banner&amp;utm_medium=links&amp;utm_campaign=2022\" target=\"_blank\" rel=\"noreferrer noopener\">Evangelio del d\u00eda<\/a><\/div>\n<\/div>\n<\/div>\n<\/div>\n\n\n\n<div class=\"wp-block-cover alignfull is-light\"><span aria-hidden=\"true\" class=\"wp-block-cover__background has-background-dim-100 has-background-dim\" style=\"background-color:#e1b783\"><\/span><div class=\"wp-block-cover__inner-container is-layout-flow wp-block-cover-is-layout-flow\">\n<div class=\"wp-block-media-text is-stacked-on-mobile is-vertically-aligned-center\" style=\"grid-template-columns:45% auto\"><figure class=\"wp-block-media-text__media\"><img loading=\"lazy\" decoding=\"async\" width=\"800\" height=\"487\" src=\"https:\/\/iglesiaespiritusanto.com\/wp-content\/uploads\/2022\/02\/espiritu-santo-pentecostes.jpeg\" alt=\"\" class=\"wp-image-248 size-full\" srcset=\"https:\/\/iglesiaespiritusanto.com\/wp-content\/uploads\/2022\/02\/espiritu-santo-pentecostes.jpeg 800w, https:\/\/iglesiaespiritusanto.com\/wp-content\/uploads\/2022\/02\/espiritu-santo-pentecostes-300x183.jpeg 300w, https:\/\/iglesiaespiritusanto.com\/wp-content\/uploads\/2022\/02\/espiritu-santo-pentecostes-768x468.jpeg 768w\" sizes=\"auto, (max-width: 800px) 100vw, 800px\" \/><\/figure><div class=\"wp-block-media-text__content\">\n<h2 class=\"wp-block-heading has-text-align-center has-ast-global-color-5-color has-text-color\">Sobre la Iglesia<br>y el Opus Dei<\/h2>\n\n\n\n<div class=\"wp-block-columns alignwide is-layout-flex wp-container-core-columns-is-layout-28f84493 wp-block-columns-is-layout-flex\">\n<div class=\"wp-block-column is-vertically-aligned-center is-layout-flow wp-block-column-is-layout-flow\">\n<h5 class=\"wp-block-heading has-text-align-center has-text-color\" style=\"color:#ffffff\"><strong><strong>La atenci\u00f3n pastoral de la Iglesia del Esp\u00edritu Santo<\/strong><\/strong><br><strong><strong>est\u00e1 confiada a sacerdotes del Opus Dei.<\/strong><\/strong><\/h5>\n<\/div>\n<\/div>\n\n\n\n<div class=\"wp-block-buttons is-content-justification-center is-layout-flex wp-container-core-buttons-is-layout-a89b3969 wp-block-buttons-is-layout-flex\">\n<div class=\"wp-block-button is-style-fill\"><a class=\"wp-block-button__link has-background wp-element-button\" href=\"https:\/\/iglesiaespiritusanto.com\/?page_id=482\" style=\"background-color:#e0a154\">Saber m\u00e1s<\/a><\/div>\n<\/div>\n<\/div><\/div>\n<\/div><\/div>\n\n\n\n<div class=\"inherit-container-width wp-block-group is-layout-constrained wp-block-group-is-layout-constrained\"><div class=\"wp-block-group__inner-container\">\n<div class=\"wp-block-columns is-layout-flex wp-container-core-columns-is-layout-28f84493 wp-block-columns-is-layout-flex\">\n<div class=\"wp-block-column is-layout-flow wp-block-column-is-layout-flow\" style=\"flex-basis:100%\">\n<figure class=\"wp-block-image aligncenter size-large is-resized\"><img loading=\"lazy\" decoding=\"async\" width=\"1024\" height=\"241\" src=\"https:\/\/iglesiaespiritusanto.com\/wp-content\/uploads\/2022\/04\/stjosemaria_frase2-1024x241.png\" alt=\"\" class=\"wp-image-504\" style=\"width:937px;height:220px\" srcset=\"https:\/\/iglesiaespiritusanto.com\/wp-content\/uploads\/2022\/04\/stjosemaria_frase2-1024x241.png 1024w, https:\/\/iglesiaespiritusanto.com\/wp-content\/uploads\/2022\/04\/stjosemaria_frase2-300x71.png 300w, https:\/\/iglesiaespiritusanto.com\/wp-content\/uploads\/2022\/04\/stjosemaria_frase2-768x181.png 768w, https:\/\/iglesiaespiritusanto.com\/wp-content\/uploads\/2022\/04\/stjosemaria_frase2.png 1536w\" sizes=\"auto, (max-width: 1024px) 100vw, 1024px\" \/><\/figure>\n<\/div>\n<\/div>\n<\/div><\/div>\n\n\n\n<div class=\"inherit-container-width wp-block-group alignfull has-cyan-bluish-gray-background-color has-background is-layout-constrained wp-block-group-is-layout-constrained\"><div class=\"wp-block-group__inner-container\">\n<div class=\"wp-block-columns alignwide are-vertically-aligned-center is-layout-flex wp-container-core-columns-is-layout-28f84493 wp-block-columns-is-layout-flex\">\n<div class=\"wp-block-column is-vertically-aligned-center is-layout-flow wp-block-column-is-layout-flow\" style=\"flex-basis:50%\">\n<div class=\"inherit-container-width wp-block-group is-layout-constrained wp-block-group-is-layout-constrained\"><div class=\"wp-block-group__inner-container\">\n<h2 class=\"wp-block-heading\" id=\"contacto\">Contacto<\/h2>\n\n\n\n<h4 class=\"wp-block-heading\"><strong>Tel\u00e9fono<\/strong><\/h4>\n\n\n\n<p>(+34) 91 563 20 24<\/p>\n\n\n\n<h4 class=\"wp-block-heading\"><strong>Email<\/strong><\/h4>\n\n\n\n<p class=\"has-ast-global-color-5-color has-text-color\"><a href=\"mailto:info@iglesiaespiritusanto.com\" target=\"_blank\" rel=\"noreferrer noopener\">info@iglesiaespiritusanto.com<\/a><\/p>\n\n\n\n<h4 class=\"wp-block-heading\"><strong>Direcci\u00f3n<\/strong><\/h4>\n\n\n\n<p class=\"has-white-color has-text-color\"><a href=\"https:\/\/www.google.com\/maps\/place\/Iglesia+Esp%C3%ADritu+Santo\/@40.4419929,-3.6861248,15z\/data=!4m5!3m4!1s0x0:0x5b4e09da582c7c48!8m2!3d40.4419929!4d-3.6861248\" data-type=\"URL\" data-id=\"https:\/\/www.google.com\/maps\/place\/Iglesia+Esp%C3%ADritu+Santo\/@40.4419929,-3.6861248,15z\/data=!4m5!3m4!1s0x0:0x5b4e09da582c7c48!8m2!3d40.4419929!4d-3.6861248\">C. Serrano 125, 28006 Madrid<\/a><\/p>\n<\/div><\/div>\n<\/div>\n\n\n\n<div class=\"wp-block-column is-vertically-aligned-center is-layout-flow wp-block-column-is-layout-flow\" style=\"flex-basis:50%\">\n<p>Puede rellenar el formulario o contactar por los diferentes canales de comunicaci\u00f3n<\/p>\n\n\n\n<div class=\"inherit-container-width wp-block-group has-white-background-color has-background is-layout-constrained wp-block-group-is-layout-constrained\"><div class=\"wp-block-group__inner-container\"><div class=\"wpforms-container wpforms-container-full wpforms-block wpforms-block-467c5e74-723d-4d0d-9779-d1ab241d5047\" id=\"wpforms-337\"><form id=\"wpforms-form-337\" class=\"wpforms-validate wpforms-form\" data-formid=\"337\" method=\"post\" enctype=\"multipart\/form-data\" action=\"\/index.php?rest_route=%2Fwp%2Fv2%2Fpages%2F322\" data-token=\"93ac9545e911e8562b59b961e2897f6f\" data-token-time=\"1776033213\"><noscript class=\"wpforms-error-noscript\">Por favor, activa JavaScript en tu navegador para completar este formulario.<\/noscript><div class=\"wpforms-field-container\"><div id=\"wpforms-337-field_5-container\" class=\"wpforms-field wpforms-field-name\" data-field-id=\"5\"><label class=\"wpforms-field-label\" for=\"wpforms-337-field_5\">Nombre <span class=\"wpforms-required-label\">*<\/span><\/label><input type=\"text\" id=\"wpforms-337-field_5\" class=\"wpforms-field-medium wpforms-field-required\" name=\"wpforms[fields][5]\" required><\/div><div id=\"wpforms-337-field_4-container\" class=\"wpforms-field wpforms-field-email\" data-field-id=\"4\"><label class=\"wpforms-field-label\" for=\"wpforms-337-field_4\">Correo electr\u00f3nico <span class=\"wpforms-required-label\">*<\/span><\/label><input type=\"email\" id=\"wpforms-337-field_4\" class=\"wpforms-field-medium wpforms-field-required\" name=\"wpforms[fields][4]\" spellcheck=\"false\" required><\/div><div id=\"wpforms-337-field_7-container\" class=\"wpforms-field wpforms-field-text\" data-field-id=\"7\"><label class=\"wpforms-field-label\" for=\"wpforms-337-field_7\">Asunto<\/label><input type=\"text\" id=\"wpforms-337-field_7\" class=\"wpforms-field-medium\" name=\"wpforms[fields][7]\" ><\/div><div id=\"wpforms-337-field_6-container\" class=\"wpforms-field wpforms-field-textarea\" data-field-id=\"6\"><label class=\"wpforms-field-label\" for=\"wpforms-337-field_6\">Mensaje<\/label><textarea id=\"wpforms-337-field_6\" class=\"wpforms-field-medium\" name=\"wpforms[fields][6]\" ><\/textarea><\/div><\/div><!-- .wpforms-field-container --><div class=\"wpforms-field wpforms-field-hp\"><label for=\"wpforms-337-field-hp\" class=\"wpforms-field-label\">Message<\/label><input type=\"text\" name=\"wpforms[hp]\" id=\"wpforms-337-field-hp\" class=\"wpforms-field-medium\"><\/div><div class=\"wpforms-submit-container\" ><input type=\"hidden\" name=\"wpforms[id]\" value=\"337\"><input type=\"hidden\" name=\"page_title\" value=\"\"><input type=\"hidden\" name=\"page_url\" value=\"https:\/\/iglesiaespiritusanto.com\/index.php?rest_route=\/wp\/v2\/pages\/322\"><input type=\"hidden\" name=\"url_referer\" value=\"\"><button type=\"submit\" name=\"wpforms[submit]\" id=\"wpforms-submit-337\" class=\"wpforms-submit\" data-alt-text=\"Enviando...\" data-submit-text=\"Enviar\" aria-live=\"assertive\" value=\"wpforms-submit\">Enviar<\/button><\/div><\/form><\/div>  <!-- .wpforms-container --><\/div><\/div>\n<\/div>\n<\/div>\n<\/div><\/div>\n\n\n\n<p><\/p>\n","protected":false},"excerpt":{"rendered":"<p>Horarios de misa curso 25-26 Lunes a jueves (laborables)8:00 &#8211; 11:00 &#8211; 14:10 &#8211; 19:00 &#8211; 21:00 Viernes (laborables)8:00 &#8211; 11:00 &#8211; 14:10 &#8211; 21:00 S\u00e1bados11:00 &#8211; 20:30 Domingos y festivos11:15 &#8211; 12:15 &#8211; 13:15 &#8211; 20:30 Exposici\u00f3n del Sant\u00edsimo:Domingos: 18:00 &#8211; 20:15 Apertura del templo Lunes a viernes (laborables)7:30 &#8211; 8:3010:00 &#8211; 15:0018:00 &#8211; [&hellip;]<\/p>\n","protected":false},"author":1,"featured_media":0,"parent":0,"menu_order":0,"comment_status":"closed","ping_status":"closed","template":"","meta":{"site-sidebar-layout":"default","site-content-layout":"","ast-site-content-layout":"default","site-content-style":"default","site-sidebar-style":"default","ast-global-header-display":"","ast-banner-title-visibility":"","ast-main-header-display":"","ast-hfb-above-header-display":"","ast-hfb-below-header-display":"","ast-hfb-mobile-header-display":"","site-post-title":"","ast-breadcrumbs-content":"","ast-featured-img":"","footer-sml-layout":"","ast-disable-related-posts":"","theme-transparent-header-meta":"","adv-header-id-meta":"","stick-header-meta":"","header-above-stick-meta":"","header-main-stick-meta":"","header-below-stick-meta":"","astra-migrate-meta-layouts":"set","ast-page-background-enabled":"default","ast-page-background-meta":{"desktop":{"background-color":"","background-image":"","background-repeat":"repeat","background-position":"center center","background-size":"auto","background-attachment":"scroll","background-type":"","background-media":"","overlay-type":"","overlay-color":"","overlay-opacity":"","overlay-gradient":""},"tablet":{"background-color":"","background-image":"","background-repeat":"repeat","background-position":"center center","background-size":"auto","background-attachment":"scroll","background-type":"","background-media":"","overlay-type":"","overlay-color":"","overlay-opacity":"","overlay-gradient":""},"mobile":{"background-color":"","background-image":"","background-repeat":"repeat","background-position":"center center","background-size":"auto","background-attachment":"scroll","background-type":"","background-media":"","overlay-type":"","overlay-color":"","overlay-opacity":"","overlay-gradient":""}},"ast-content-background-meta":{"desktop":{"background-color":"var(--ast-global-color-5)","background-image":"","background-repeat":"repeat","background-position":"center center","background-size":"auto","background-attachment":"scroll","background-type":"","background-media":"","overlay-type":"","overlay-color":"","overlay-opacity":"","overlay-gradient":""},"tablet":{"background-color":"var(--ast-global-color-5)","background-image":"","background-repeat":"repeat","background-position":"center center","background-size":"auto","background-attachment":"scroll","background-type":"","background-media":"","overlay-type":"","overlay-color":"","overlay-opacity":"","overlay-gradient":""},"mobile":{"background-color":"var(--ast-global-color-5)","background-image":"","background-repeat":"repeat","background-position":"center center","background-size":"auto","background-attachment":"scroll","background-type":"","background-media":"","overlay-type":"","overlay-color":"","overlay-opacity":"","overlay-gradient":""}},"footnotes":""},"class_list":["post-322","page","type-page","status-publish","hentry"],"_links":{"self":[{"href":"https:\/\/iglesiaespiritusanto.com\/index.php?rest_route=\/wp\/v2\/pages\/322","targetHints":{"allow":["GET"]}}],"collection":[{"href":"https:\/\/iglesiaespiritusanto.com\/index.php?rest_route=\/wp\/v2\/pages"}],"about":[{"href":"https:\/\/iglesiaespiritusanto.com\/index.php?rest_route=\/wp\/v2\/types\/page"}],"author":[{"embeddable":true,"href":"https:\/\/iglesiaespiritusanto.com\/index.php?rest_route=\/wp\/v2\/users\/1"}],"replies":[{"embeddable":true,"href":"https:\/\/iglesiaespiritusanto.com\/index.php?rest_route=%2Fwp%2Fv2%2Fcomments&post=322"}],"version-history":[{"count":206,"href":"https:\/\/iglesiaespiritusanto.com\/index.php?rest_route=\/wp\/v2\/pages\/322\/revisions"}],"predecessor-version":[{"id":959,"href":"https:\/\/iglesiaespiritusanto.com\/index.php?rest_route=\/wp\/v2\/pages\/322\/revisions\/959"}],"wp:attachment":[{"href":"https:\/\/iglesiaespiritusanto.com\/index.php?rest_route=%2Fwp%2Fv2%2Fmedia&parent=322"}],"curies":[{"name":"wp","href":"https:\/\/api.w.org\/{rel}","templated":true}]}}